{"id":18,"date":"2015-03-04T22:58:27","date_gmt":"2015-03-04T21:58:27","guid":{"rendered":"http:\/\/trancomed.com\/?page_id=18"},"modified":"2015-03-05T00:28:26","modified_gmt":"2015-03-05T00:28:26","slug":"lopd","status":"publish","type":"page","link":"https:\/\/sppa.es\/?page_id=18","title":{"rendered":"Ley de Protecci\u00f3n de Datos (LOPD)"},"content":{"rendered":"<p><em>SERVICIOS PORTUARIOS PUERTO DE ALGECIRAS S.L.\u00a0( \u201cLA EMPRESA\u201d), <\/em><em>es una entidad cuya actividad principal son Servicios,<strong> EMPRESA<\/strong> es el titular del website <\/em><em>www.sppa.es <\/em><em>(en adelante el \u201cwebsite\u201d),\u00a0Muelle Isla Verde s\/n 11207 &#8211; Algeciras (C\u00e1diz) con CIF B72188626<\/em><\/p>\n<p><strong><em>EMPRESA<\/em><\/strong><em> le garantiza la protecci\u00f3n de todos los datos de car\u00e1cter personal que proporcione el Usuario en el website y, en cumplimiento de lo dispuesto en la Ley Org\u00e1nica 15\/1999, de 13 de diciembre de Protecci\u00f3n de Datos de Car\u00e1cter Personal, en le RD 1720\/2007 de 21 de diciembre y restante normativa de aplicaci\u00f3n, le informa que:<\/em><\/p>\n<p><em>A) Todos los datos de car\u00e1cter personal facilitados a <strong>EMPRESA<\/strong> ser\u00e1n tratados por \u00e9sta de acuerdo con la Ley Org\u00e1nica 15\/1999 de 13 de diciembre de Protecci\u00f3n de Datos de Car\u00e1cter Personal y el RD 1720\/2007 de 21 de diciembre y quedar\u00e1n incorporados en el fichero USUARIOS DE LA PAGINA WEB, creado y mantenido bajo la responsabilidad de <strong>EMPRESA<\/strong> el cual ha sido debidamente registrado en la Agencia Espa\u00f1ola de Protecci\u00f3n de Datos.<\/em><\/p>\n<p><em>B) Los datos son recabados con las siguientes finalidades:<\/em><\/p>\n<ul>\n<li><em>Informaci\u00f3n acerca de nosotros, nuestros servicios, localizaci\u00f3n.<\/em><\/li>\n<li><em>Gesti\u00f3n, estudio y resoluci\u00f3n de consultas<\/em><\/li>\n<li><em>Env\u00edo de presupuestos, publicidad y prospecci\u00f3n comercial por medios electr\u00f3nicos, acerca de la empresa, sus actividades, productos y servicios, as\u00ed como documentaci\u00f3n de diversa naturaleza.<\/em><\/li>\n<\/ul>\n<p><strong><em>C) EMPRESA<\/em><\/strong> <em>se compromete al cumplimiento de su obligaci\u00f3n de secreto de los datos de car\u00e1cter personal y de su deber de guardarlos y adoptar\u00e1 todas las medidas de \u00edndole t\u00e9cnica y organizativa para garantizar la seguridad de los datos de car\u00e1cter personal y evitar su alteraci\u00f3n, p\u00e9rdida, tratamiento o acceso no autorizado, habida cuenta del estado de la tecnolog\u00eda, la naturaleza de los datos almacenados y los riesgos a que est\u00e9n expuestos, todo ello de conformidad con lo establecido en el Real Decreto 1720\/2007.<\/em><\/p>\n<p><em>E) <strong>EMPRESA<\/strong> se compromete a proteger la informaci\u00f3n confidencial a la que tenga acceso. <strong>EMPRESA<\/strong> no emplear\u00e1 en ning\u00fan caso los datos de car\u00e1cter personal que usted ponga a su disposici\u00f3n para prestar servicios a terceros distintos a los referidos en el apartado b) del presente documento o, en su caso, para lograr una utilidad propia.<\/em><em> El consentimiento se entender\u00e1 prestado en tanto no nos comunique expresamente la revocaci\u00f3n del mismo a alguno de los tratamientos indicados anteriormente. A tal efecto, <strong>EL USUARIO<\/strong> podr\u00e1 darse de baja de cualquiera de los servicios contratados enviando un correo electr\u00f3nico a la direcci\u00f3n <\/em><em><a href=\"mailto:info@trancomed.com\">info@sppa.es<\/a><\/em><em> .<\/em><em>Todos los datos solicitados a trav\u00e9s de la Web son obligatorios. En caso de no ser facilitados, <strong>EMPRESA<\/strong> no garantiza que los servicios prestados se ajusten completamente a sus necesidades. As\u00ed mismo, <strong>EL USUARIO<\/strong> de la web <\/em><em>www.sppa.es <\/em><em>al facilitar voluntariamente sus datos de car\u00e1cter personal a trav\u00e9s de los distintos formularios de entrada dispuestos al efecto en la<\/em><em> web, autoriza de manera expresa a que sus datos puedan ser utilizados en el env\u00edo de comunicaciones comerciales y ofertas publicitarias por e-mail, fax o cualquier otro medio electr\u00f3nico o f\u00edsico, presente o futuro. <\/em><\/p>\n<p><strong><em>F) EL USUARIO<\/em><\/strong><em> de la web <\/em><em>www.sppa.es <\/em><em>ser\u00e1 el \u00fanico responsable de la veracidad y exactitud de los datos aportados, actuando <\/em><strong><em>EMPRESA<\/em><\/strong> <em>de buena fe como mero prestador del servicio. En caso de haber facilitado datos falsos o de terceras personas sin mediar su consentimiento para ello, <\/em><strong><em>EMPRESA<\/em><\/strong> <em>se reserva el derecho a la destrucci\u00f3n inmediata de los citados datos a fin de proteger el derecho del titular o titulares de los mismos.<\/em><\/p>\n<p><em>G) El sitio Web dispone de las medidas de seguridad de la informaci\u00f3n generalmente utilizadas para evitar el acceso no autorizado a los datos personales, por ejemplo: firewalls, procedimientos de control de acceso.<\/em><\/p>\n<p><em>H) El Usuario certifica que es mayor de 14 a\u00f1os y que por lo tanto posee la capacidad legal necesaria para la prestaci\u00f3n del consentimiento en cuanto al tratamiento de sus datos de car\u00e1cter personal y todo ello, de conformidad con lo establecido en la presente Pol\u00edtica de Privacidad.<\/em><\/p>\n<p><em>I) El Usuario puede, en todo momento, ejercitar los derechos de acceso, rectificaci\u00f3n, cancelaci\u00f3n y oposici\u00f3n sobre sus datos personales as\u00ed como el de revocaci\u00f3n del consentimiento para cualquier de las finalidades antes se\u00f1aladas, enviando a <strong>EMPRESA<\/strong> carta debidamente firmada a nuestra direcci\u00f3n postal, arriba indicada, donde consten claramente los datos de contacto, a la cual deber\u00e1 acompa\u00f1arse fotocopia de su DNI\/NIF o documento que acredite su identidad.<\/em><\/p>\n<p><em>J) El Usuario autoriza al tratamiento automatizado de los datos personales suministrados en los t\u00e9rminos indicados. Para ello pulse el bot\u00f3n <strong>\u201cENVIAR\u201d <\/strong>que se encuentra tras el formulario de recogida de datos.<\/em><\/p>\n","protected":false},"excerpt":{"rendered":"<p>SERVICIOS PORTUARIOS PUERTO DE ALGECIRAS S.L.\u00a0( \u201cLA EMPRESA\u201d), es una entidad cuya actividad principal son Servicios, EMPRESA es el titular del website www.sppa.es (en adelante el \u201cwebsite\u201d),\u00a0Muelle Isla Verde s\/n 11207 &#8211; Algeciras (C\u00e1diz) con CIF B72188626 EMPRESA le garantiza la protecci\u00f3n de todos los datos de car\u00e1cter personal que proporcione el Usuario en el &hellip; <a href=\"https:\/\/sppa.es\/?page_id=18\" class=\"more-link\">Seguir leyendo <span class=\"screen-reader-text\">Ley de Protecci\u00f3n de Datos (LOPD)<\/span> <span class=\"meta-nav\">&rarr;<\/span><\/a><\/p>\n","protected":false},"author":2,"featured_media":0,"parent":0,"menu_order":0,"comment_status":"closed","ping_status":"open","template":"","meta":{"footnotes":""},"_links":{"self":[{"href":"https:\/\/sppa.es\/index.php?rest_route=\/wp\/v2\/pages\/18"}],"collection":[{"href":"https:\/\/sppa.es\/index.php?rest_route=\/wp\/v2\/pages"}],"about":[{"href":"https:\/\/sppa.es\/index.php?rest_route=\/wp\/v2\/types\/page"}],"author":[{"embeddable":true,"href":"https:\/\/sppa.es\/index.php?rest_route=\/wp\/v2\/users\/2"}],"replies":[{"embeddable":true,"href":"https:\/\/sppa.es\/index.php?rest_route=%2Fwp%2Fv2%2Fcomments&post=18"}],"version-history":[{"count":3,"href":"https:\/\/sppa.es\/index.php?rest_route=\/wp\/v2\/pages\/18\/revisions"}],"predecessor-version":[{"id":36,"href":"https:\/\/sppa.es\/index.php?rest_route=\/wp\/v2\/pages\/18\/revisions\/36"}],"wp:attachment":[{"href":"https:\/\/sppa.es\/index.php?rest_route=%2Fwp%2Fv2%2Fmedia&parent=18"}],"curies":[{"name":"wp","href":"https:\/\/api.w.org\/{rel}","templated":true}]}}