{"id":20,"date":"2015-03-04T23:01:01","date_gmt":"2015-03-04T22:01:01","guid":{"rendered":"http:\/\/trancomed.com\/?page_id=20"},"modified":"2022-06-22T01:21:55","modified_gmt":"2022-06-22T01:21:55","slug":"contactar","status":"publish","type":"page","link":"https:\/\/sppa.es\/","title":{"rendered":"Contactar"},"content":{"rendered":"<h6>Por favor rellene los campos para contactar con nosotros:<\/h6>\n\n<div class=\"wpcf7 no-js\" id=\"wpcf7-f25-o1\" lang=\"es-ES\" dir=\"ltr\">\n<div class=\"screen-reader-response\"><p role=\"status\" aria-live=\"polite\" aria-atomic=\"true\"><\/p> <ul><\/ul><\/div>\n<form action=\"\/index.php?rest_route=%2Fwp%2Fv2%2Fpages%2F20#wpcf7-f25-o1\" method=\"post\" class=\"wpcf7-form init\" aria-label=\"Formulario de contacto\" enctype=\"multipart\/form-data\" novalidate=\"novalidate\" data-status=\"init\">\n<div style=\"display: none;\">\n<input type=\"hidden\" name=\"_wpcf7\" value=\"25\" \/>\n<input type=\"hidden\" name=\"_wpcf7_version\" value=\"5.9.8\" \/>\n<input type=\"hidden\" name=\"_wpcf7_locale\" value=\"es_ES\" \/>\n<input type=\"hidden\" name=\"_wpcf7_unit_tag\" value=\"wpcf7-f25-o1\" \/>\n<input type=\"hidden\" name=\"_wpcf7_container_post\" value=\"0\" \/>\n<input type=\"hidden\" name=\"_wpcf7_posted_data_hash\" value=\"\" \/>\n<input type=\"hidden\" name=\"_wpcf7_recaptcha_response\" value=\"\" \/>\n<\/div>\n<p>Su nombre (requerido)\n<\/p>\n<p><span class=\"wpcf7-form-control-wrap\" data-name=\"your-name\"><input size=\"40\" maxlength=\"400\" class=\"wpcf7-form-control wpcf7-text wpcf7-validates-as-required\" aria-required=\"true\" aria-invalid=\"false\" value=\"\" type=\"text\" name=\"your-name\" \/><\/span>\n<\/p>\n<p>Su e-mail (requerido)\n<\/p>\n<p><span class=\"wpcf7-form-control-wrap\" data-name=\"your-email\"><input size=\"40\" maxlength=\"400\" class=\"wpcf7-form-control wpcf7-email wpcf7-validates-as-required wpcf7-text wpcf7-validates-as-email\" aria-required=\"true\" aria-invalid=\"false\" value=\"\" type=\"email\" name=\"your-email\" \/><\/span>\n<\/p>\n<p>Asunto (requerido)\n<\/p>\n<p><span class=\"wpcf7-form-control-wrap\" data-name=\"your-subject\"><input size=\"40\" maxlength=\"400\" class=\"wpcf7-form-control wpcf7-text wpcf7-validates-as-required\" aria-required=\"true\" aria-invalid=\"false\" value=\"\" type=\"text\" name=\"your-subject\" \/><\/span>\n<\/p>\n<p>Su mensaje\n<\/p>\n<p><span class=\"wpcf7-form-control-wrap\" data-name=\"your-message\"><textarea cols=\"40\" rows=\"10\" maxlength=\"2000\" class=\"wpcf7-form-control wpcf7-textarea\" aria-invalid=\"false\" name=\"your-message\"><\/textarea><\/span>\n<\/p>\n<p> Su Fichero (Opcional) <span class=\"wpcf7-form-control-wrap\" data-name=\"your-file\"><input size=\"40\" class=\"wpcf7-form-control wpcf7-file\" accept=\".pdf,.txt,.doc,.xls,.xlsx,.docx,.gif,.png,.jpg,.jpeg\" aria-invalid=\"false\" type=\"file\" name=\"your-file\" \/><\/span>\n<\/p>\n<p><span class=\"wpcf7-form-control-wrap\" data-name=\"acceptance-648\"><span class=\"wpcf7-form-control wpcf7-acceptance\"><span class=\"wpcf7-list-item\"><input type=\"checkbox\" name=\"acceptance-648\" value=\"1\" aria-invalid=\"false\" \/><\/span><\/span><\/span> He le\u00eddo y acepto la \u201c<a href=\"https:\/\/sppa.es\/?page_id=18\" target=\"_blank\">Pol\u00edtica de Protecci\u00f3n de Datos<\/a>\u201d del Portal www.sppa.es\n<\/p>\n<p><input class=\"wpcf7-form-control wpcf7-submit has-spinner\" type=\"submit\" value=\"Enviar\" \/>\n<\/p><p style=\"display: none !important;\" class=\"akismet-fields-container\" data-prefix=\"_wpcf7_ak_\"><label>&#916;<textarea name=\"_wpcf7_ak_hp_textarea\" cols=\"45\" rows=\"8\" maxlength=\"100\"><\/textarea><\/label><input type=\"hidden\" id=\"ak_js_1\" name=\"_wpcf7_ak_js\" value=\"11\"\/><script>document.getElementById( \"ak_js_1\" ).setAttribute( \"value\", ( new Date() ).getTime() );<\/script><\/p><div class=\"wpcf7-response-output\" aria-hidden=\"true\"><\/div>\n<\/form>\n<\/div>\n\n\n\n<p><\/p>\n\n\n\n<p><br><br><br><img loading=\"lazy\" decoding=\"async\" width=\"438\" height=\"365\" class=\"wp-image-43\" style=\"width: 150px;\" src=\"https:\/\/sppa.es\/wp-content\/uploads\/2022\/06\/Logo-Union-Europea.png\" alt=\"\" srcset=\"https:\/\/sppa.es\/wp-content\/uploads\/2022\/06\/Logo-Union-Europea.png 438w, https:\/\/sppa.es\/wp-content\/uploads\/2022\/06\/Logo-Union-Europea-300x250.png 300w\" sizes=\"(max-width: 438px) 100vw, 438px\" \/><\/p>\n\n\n\n<p class=\"has-text-align-left\"><strong><em>SERVICIOS PORTUARIOS PUERTO DE ALGECIRAS, S.L. (SPPA) ha sido beneficiaria del Fondo Europeo de Desarrollo Regional cuyo objetivo es\u00a0conseguir un tejido empresarial m\u00e1s competitivo y gracias al que ha participado en la acci\u00f3n: Visita Feria BreakBulk Europe para fomentar su internacionalizaci\u00f3n. Esta acci\u00f3n ha tenido lugar del 16 al 19 de mayo de 2022. Para ello ha contado con el apoyo del\u00a0Programa Internacional de Promoci\u00f3n de\u00a0la C\u00e1mara de Comercio del Campo de Gibraltar.<\/em><\/strong><\/p>\n\n\n\n<p><strong><em>SERVICIOS PORTUARIOS PUERTO DE ALGECIRAS, S.L. (SPPA) ha sido beneficiaria del Fondo Europeo de Desarrollo Regional cuyo objetivo es\u00a0conseguir un tejido empresarial m\u00e1s competitivo y gracias al que ha participado en la acci\u00f3n: Visita Feria Posidonia para fomentar su internacionalizaci\u00f3n. Esta acci\u00f3n ha tenido lugar del 6 al 10 de junio de 2022. Para ello ha contado con el apoyo del\u00a0Programa Internacional de Promoci\u00f3n de\u00a0la C\u00e1mara de Comercio del Campo de Gibraltar.<\/em><\/strong><\/p>\n\n\n\n<p><strong><em>Una manera de hacer Europa<\/em><\/strong><\/p>\n\n\n\n<p><\/p>\n","protected":false},"excerpt":{"rendered":"<p>Por favor rellene los campos para contactar con nosotros: SERVICIOS PORTUARIOS PUERTO DE ALGECIRAS, S.L. (SPPA) ha sido beneficiaria del Fondo Europeo de Desarrollo Regional cuyo objetivo es\u00a0conseguir un tejido empresarial m\u00e1s competitivo y gracias al que ha participado en la acci\u00f3n: Visita Feria BreakBulk Europe para fomentar su internacionalizaci\u00f3n. Esta acci\u00f3n ha tenido lugar &hellip; <a href=\"https:\/\/sppa.es\/\" class=\"more-link\">Seguir leyendo <span class=\"screen-reader-text\">Contactar<\/span> <span class=\"meta-nav\">&rarr;<\/span><\/a><\/p>\n","protected":false},"author":2,"featured_media":0,"parent":0,"menu_order":0,"comment_status":"closed","ping_status":"open","template":"","meta":{"footnotes":""},"_links":{"self":[{"href":"https:\/\/sppa.es\/index.php?rest_route=\/wp\/v2\/pages\/20"}],"collection":[{"href":"https:\/\/sppa.es\/index.php?rest_route=\/wp\/v2\/pages"}],"about":[{"href":"https:\/\/sppa.es\/index.php?rest_route=\/wp\/v2\/types\/page"}],"author":[{"embeddable":true,"href":"https:\/\/sppa.es\/index.php?rest_route=\/wp\/v2\/users\/2"}],"replies":[{"embeddable":true,"href":"https:\/\/sppa.es\/index.php?rest_route=%2Fwp%2Fv2%2Fcomments&post=20"}],"version-history":[{"count":7,"href":"https:\/\/sppa.es\/index.php?rest_route=\/wp\/v2\/pages\/20\/revisions"}],"predecessor-version":[{"id":48,"href":"https:\/\/sppa.es\/index.php?rest_route=\/wp\/v2\/pages\/20\/revisions\/48"}],"wp:attachment":[{"href":"https:\/\/sppa.es\/index.php?rest_route=%2Fwp%2Fv2%2Fmedia&parent=20"}],"curies":[{"name":"wp","href":"https:\/\/api.w.org\/{rel}","templated":true}]}}